{"id":119,"date":"2025-09-01T11:18:09","date_gmt":"2025-09-01T09:18:09","guid":{"rendered":"https:\/\/premis.fundacioantoniusmusa.com\/premiados-2023\/"},"modified":"2025-09-01T12:33:24","modified_gmt":"2025-09-01T10:33:24","slug":"premiados-2023","status":"publish","type":"page","link":"https:\/\/premis.fundacioantoniusmusa.com\/es\/premiados-2023\/","title":{"rendered":"Premiados 2023"},"content":{"rendered":"\n\n\t<section class=\"section dark has-parallax\" id=\"section_339238593\">\n\t\t<div class=\"section-bg fill\" data-parallax-container=\".section\" data-parallax-background data-parallax=\"-4\">\n\t\t\t<img loading=\"lazy\" decoding=\"async\" width=\"1920\" height=\"1080\" src=\"https:\/\/premis.fundacioantoniusmusa.com\/wp-content\/uploads\/2025\/08\/fondo.webp\" class=\"bg attachment- size-\" alt=\"\" \/>\t\t\t\t\t\t\n\t\t\t\n\n\t\t<\/div>\n\n\t\t\n\n\t\t<div class=\"section-content relative\">\n\t\t\t\n\n<div class=\"row align-center\"  id=\"row-784436280\">\n\n\n\t<div id=\"col-808209228\" class=\"col medium-11 small-12 large-9\"  >\n\t\t\t\t<div class=\"col-inner text-center\"  >\n\t\t\t\n\t\t\t\n\n\t<div class=\"img has-hover x md-x lg-x y md-y lg-y\" id=\"image_2040975497\">\n\t\t\t\t\t\t\t\t<div class=\"img-inner dark\" >\n\t\t\t<img loading=\"lazy\" decoding=\"async\" width=\"512\" height=\"512\" src=\"https:\/\/premis.fundacioantoniusmusa.com\/wp-content\/uploads\/2025\/08\/Fav.png\" class=\"attachment-large size-large\" alt=\"\" srcset=\"https:\/\/premis.fundacioantoniusmusa.com\/wp-content\/uploads\/2025\/08\/Fav.png 512w, https:\/\/premis.fundacioantoniusmusa.com\/wp-content\/uploads\/2025\/08\/Fav-300x300.png 300w, https:\/\/premis.fundacioantoniusmusa.com\/wp-content\/uploads\/2025\/08\/Fav-150x150.png 150w\" sizes=\"auto, (max-width: 512px) 100vw, 512px\" \/>\t\t\t\t\t\t\n\t\t\t\t\t<\/div>\n\t\t\t\t\t\t\t\t\n<style>\n#image_2040975497 {\n  width: 17%;\n}\n<\/style>\n\t<\/div>\n\t\n\n\t<div id=\"text-3906310317\" class=\"text\">\n\t\t\n\n<h1><span style=\"color: #ffffff;\">Galardonados<\/span> Premios Antonius Musa <span style=\"color: #ffffff;\">2023<\/span><\/h1>\n\n\t\t\n<style>\n#text-3906310317 {\n  font-size: 2rem;\n  line-height: 1.05;\n  color: #ae8851;\n}\n#text-3906310317 > * {\n  color: #ae8851;\n}\n@media (min-width:550px) {\n  #text-3906310317 {\n    font-size: 2.2rem;\n  }\n}\n@media (min-width:850px) {\n  #text-3906310317 {\n    font-size: 2.7rem;\n  }\n}\n<\/style>\n\t<\/div>\n\t\n\t<div id=\"gap-792819404\" class=\"gap-element clearfix\" style=\"display:block; height:auto;\">\n\t\t\n<style>\n#gap-792819404 {\n  padding-top: 15px;\n}\n<\/style>\n\t<\/div>\n\t\n\n\n\t\t<\/div>\n\t\t\t\t\t<\/div>\n\n\t\n\n<\/div>\n\t<div id=\"gap-752167779\" class=\"gap-element clearfix\" style=\"display:block; height:auto;\">\n\t\t\n<style>\n#gap-752167779 {\n  padding-top: 120px;\n}\n<\/style>\n\t<\/div>\n\t\n\n\n\t\t<\/div>\n\n\t\t\n<style>\n#section_339238593 {\n  padding-top: 100px;\n  padding-bottom: 100px;\n  background-color: rgb(0,0,0);\n}\n@media (min-width:550px) {\n  #section_339238593 {\n    padding-top: 140px;\n    padding-bottom: 140px;\n  }\n}\n<\/style>\n\t<\/section>\n\t\n\n\t<section class=\"section\" id=\"section_306242644\">\n\t\t<div class=\"section-bg fill\" >\n\t\t\t\t\t\t\t\t\t\n\t\t\t\n\n\t\t<\/div>\n\n\t\t\n\n\t\t<div class=\"section-content relative\">\n\t\t\t\n\n<div class=\"row\"  id=\"row-1926096809\">\n\n\n\t<div id=\"col-674761380\" class=\"col small-12 large-12\"  >\n\t\t\t\t<div class=\"col-inner\"  >\n\t\t\t\n\t\t\t\n\n\t<div id=\"gap-1640825378\" class=\"gap-element clearfix\" style=\"display:block; height:auto;\">\n\t\t\n<style>\n#gap-1640825378 {\n  padding-top: 10px;\n}\n@media (min-width:850px) {\n  #gap-1640825378 {\n    padding-top: 50px;\n  }\n}\n<\/style>\n\t<\/div>\n\t\n\n<div class=\"row\"  id=\"row-823323062\">\n\n\n\t<div id=\"col-1188209376\" class=\"col small-12 large-12\"  >\n\t\t\t\t<div class=\"col-inner\"  >\n\t\t\t\n\t\t\t\n\n<div class=\"video video-fit mb\" style=\"padding-top:56.25%;\"><iframe loading=\"lazy\" title=\"Premis COMT Antonius Musa 2023\" width=\"1020\" height=\"574\" src=\"https:\/\/www.youtube.com\/embed\/EYDGUA9Rm7E?feature=oembed\" frameborder=\"0\" allow=\"accelerometer; autoplay; clipboard-write; encrypted-media; gyroscope; picture-in-picture; web-share\" referrerpolicy=\"strict-origin-when-cross-origin\" allowfullscreen><\/iframe><\/div>\n\n\n\t\t<\/div>\n\t\t\t\t\n<style>\n#col-1188209376 > .col-inner {\n  padding: 28px 0px 0px 0px;\n}\n<\/style>\n\t<\/div>\n\n\t\n\n<\/div>\n\n\t\t<\/div>\n\t\t\t\t\n<style>\n#col-674761380 > .col-inner {\n  margin: -322px 0px 0px 0px;\n}\n<\/style>\n\t<\/div>\n\n\t\n\n<\/div>\n\n\t\t<\/div>\n\n\t\t\n<style>\n#section_306242644 {\n  padding-top: 30px;\n  padding-bottom: 30px;\n  background-color: rgb(0,0,0);\n}\n<\/style>\n\t<\/section>\n\t\n\n\t<section class=\"section\" id=\"section_1678372847\">\n\t\t<div class=\"section-bg fill\" >\n\t\t\t\t\t\t\t\t\t\n\t\t\t\n\n\t\t<\/div>\n\n\t\t\n\n\t\t<div class=\"section-content relative\">\n\t\t\t\n\n<div class=\"row\"  id=\"row-72314384\">\n\n\n\t<div id=\"col-570288049\" class=\"col medium-12 small-12 large-6\"  >\n\t\t\t\t<div class=\"col-inner dark\"  >\n\t\t\t\n\t\t\t\n\n\t<div id=\"text-4250994956\" class=\"text\">\n\t\t\n\n<h3>El acto de entrega de los Premios COMT Antonius Musa tuvo lugar el 01 de diciembre, a las 19:00 horas, en el Aula Magna de la Facultad de Letras de la Universidad Rovira i Virgili.<\/h3>\n\t\t\n<style>\n#text-4250994956 {\n  font-size: 1.75rem;\n  color: #ae8851;\n}\n#text-4250994956 > * {\n  color: #ae8851;\n}\n<\/style>\n\t<\/div>\n\t\n\n\t\t<\/div>\n\t\t\t\t\n<style>\n#col-570288049 > .col-inner {\n  padding: 0px 0 0px 0px;\n  margin: 0px 0px -15px 0px;\n}\n@media (min-width:850px) {\n  #col-570288049 > .col-inner {\n    padding: 0px 0% 0px 0px;\n    margin: 0px 0px 0 0px;\n  }\n}\n<\/style>\n\t<\/div>\n\n\t\n\n\t<div id=\"col-1302155468\" class=\"col medium-12 small-12 large-6\"  >\n\t\t\t\t<div class=\"col-inner\"  >\n\t\t\t\n\t\t\t\n\n\t<div id=\"gap-1620430506\" class=\"gap-element clearfix\" style=\"display:block; height:auto;\">\n\t\t\n<style>\n#gap-1620430506 {\n  padding-top: 5px;\n}\n<\/style>\n\t<\/div>\n\t\n\n<p><span style=\"font-size: 120%;\">Tras recibir un gran n\u00famero de candidaturas y con la aprobaci\u00f3n de la Junta de Gobierno, los galardonados han sido seleccionados con esmero y reconocimiento. Aqu\u00ed puede conocer a los profesionales, instituciones y equipos distinguidos.<\/span><\/p>\n<p data-start=\"1044\" data-end=\"1322\"><span style=\"font-size: 120%;\">Los Premios Antonius Musa, homenaje al prestigioso m\u00e9dico romano, reconocen los valores de compromiso, trayectoria e innovaci\u00f3n en el \u00e1mbito sanitario. Esta edici\u00f3n consolida el esp\u00edritu de excelencia del COMT y visibiliza la contribuci\u00f3n al bienestar colectivo.<\/span><\/p>\n\t<div id=\"gap-474625460\" class=\"gap-element clearfix\" style=\"display:block; height:auto;\">\n\t\t\n<style>\n#gap-474625460 {\n  padding-top: 10px;\n}\n<\/style>\n\t<\/div>\n\t\n\n\n\t\t<\/div>\n\t\t\t\t\t<\/div>\n\n\t\n\n<\/div>\n\t<div id=\"gap-1068974224\" class=\"gap-element clearfix\" style=\"display:block; height:auto;\">\n\t\t\n<style>\n#gap-1068974224 {\n  padding-top: 200px;\n}\n<\/style>\n\t<\/div>\n\t\n\n\n\t\t<\/div>\n\n\t\t\n<style>\n#section_1678372847 {\n  padding-top: 10px;\n  padding-bottom: 10px;\n  background-color: rgb(0,0,0);\n}\n@media (min-width:850px) {\n  #section_1678372847 {\n    padding-top: 50px;\n    padding-bottom: 50px;\n  }\n}\n<\/style>\n\t<\/section>\n\t\n\n\t<section class=\"section\" id=\"section_1048919408\">\n\t\t<div class=\"section-bg fill\" >\n\t\t\t\t\t\t\t\t\t\n\t\t\t\n\n\t\t<\/div>\n\n\t\t\n\n\t\t<div class=\"section-content relative\">\n\t\t\t\n\n<div class=\"row\"  id=\"row-1995060320\">\n\n\n\t<div id=\"col-1699490516\" class=\"col small-12 large-12\"  >\n\t\t\t\t<div class=\"col-inner\"  >\n\t\t\t\n\t\t\t\n\n\n  <div class=\"banner has-hover round-corners\" id=\"banner-813233329\">\n          <div class=\"banner-inner fill\">\n        <div class=\"banner-bg fill\" >\n            <img loading=\"lazy\" decoding=\"async\" width=\"2048\" height=\"1365\" src=\"https:\/\/premis.fundacioantoniusmusa.com\/wp-content\/uploads\/2025\/09\/54744795102_21ead98206_k.jpg\" class=\"bg attachment-original size-original\" alt=\"\" \/>                                    \n                    <\/div>\n\t\t\n        <div class=\"banner-layers container\">\n            <div class=\"fill banner-link\"><\/div>            \n\n   <div id=\"text-box-1424361742\" class=\"text-box banner-layer x50 md-x50 lg-x50 y50 md-y50 lg-y50 res-text\">\n                                <div class=\"text-box-content text dark\">\n              \n              <div class=\"text-inner text-center\">\n                  \n\n\n              <\/div>\n           <\/div>\n                            \n<style>\n#text-box-1424361742 {\n  width: 60%;\n}\n#text-box-1424361742 .text-box-content {\n  font-size: 100%;\n}\n@media (min-width:550px) {\n  #text-box-1424361742 {\n    width: 60%;\n  }\n}\n<\/style>\n    <\/div>\n \n\n        <\/div>\n      <\/div>\n\n            \n<style>\n#banner-813233329 {\n  padding-top: 225px;\n  background-color: rgba(255, 255, 255, 0);\n}\n#banner-813233329 .banner-bg img {\n  object-position: 57% 45%;\n}\n@media (min-width:550px) {\n  #banner-813233329 {\n    padding-top: 450px;\n  }\n}\n<\/style>\n  <\/div>\n\n\n\n\t\t<\/div>\n\t\t\t\t\n<style>\n#col-1699490516 > .col-inner {\n  margin: -200px 0px 0px 0px;\n}\n<\/style>\n\t<\/div>\n\n\t\n\n<\/div>\n\t<div id=\"gap-469722313\" class=\"gap-element clearfix\" style=\"display:block; height:auto;\">\n\t\t\n<style>\n#gap-469722313 {\n  padding-top: 40px;\n}\n@media (min-width:550px) {\n  #gap-469722313 {\n    padding-top: 60px;\n  }\n}\n@media (min-width:850px) {\n  #gap-469722313 {\n    padding-top: 90px;\n  }\n}\n<\/style>\n\t<\/div>\n\t\n\n<div class=\"row align-center\"  id=\"row-1424341739\">\n\n\n\t<div id=\"col-315822457\" class=\"col medium-9 small-12 large-6\"  >\n\t\t\t\t<div class=\"col-inner text-center dark\"  >\n\t\t\t\n\t\t\t\n\n\t<div id=\"text-958555987\" class=\"text\">\n\t\t\n\n<h2>Galardonados <span style=\"color: #ffffff;\">2023<\/span><\/h2>\n\n\t\t\n<style>\n#text-958555987 {\n  font-size: 1.5rem;\n  color: rgb(174, 136, 81);\n}\n#text-958555987 > * {\n  color: rgb(174, 136, 81);\n}\n@media (min-width:850px) {\n  #text-958555987 {\n    font-size: 1.75rem;\n  }\n}\n<\/style>\n\t<\/div>\n\t\n\n\t\t<\/div>\n\t\t\t\t\t<\/div>\n\n\t\n\n<\/div>\n<div class=\"row align-equal align-center\"  id=\"row-1807546921\">\n\n\n\t<div id=\"col-1323595497\" class=\"col medium-6 small-12 large-6\"  >\n\t\t\t\t<div class=\"col-inner text-center\" style=\"background-color:rgb(255,255,255);\" >\n\t\t\t\n\t\t\t\n\n\t<div class=\"img has-hover x md-x lg-x y md-y lg-y\" id=\"image_938888600\">\n\t\t\t\t\t\t\t\t<div class=\"img-inner dark\" >\n\t\t\t<img loading=\"lazy\" decoding=\"async\" width=\"1\" height=\"1\" src=\"https:\/\/premis.fundacioantoniusmusa.com\/wp-content\/uploads\/2025\/08\/1.svg\" class=\"attachment-large size-large\" alt=\"\" \/>\t\t\t\t\t\t\n\t\t\t\t\t<\/div>\n\t\t\t\t\t\t\t\t\n<style>\n#image_938888600 {\n  width: 80%;\n}\n<\/style>\n\t<\/div>\n\t\n\n\t<div id=\"text-1966521401\" class=\"text\">\n\t\t\n\n<p>M\u00e1xima distinci\u00f3n para m\u00e9dicos colegiados<\/p>\n\t\t\n<style>\n#text-1966521401 {\n  color: rgb(0,0,0);\n}\n#text-1966521401 > * {\n  color: rgb(0,0,0);\n}\n<\/style>\n\t<\/div>\n\t\n<div class=\"is-divider divider clearfix\" style=\"max-width:584px;height:1px;background-color:#000000;\"><\/div>\n\n\t<div id=\"text-761841932\" class=\"text\">\n\t\t\n\n<h3><span style=\"font-size: 110%;\"><strong>Dra. Teresa Auguet Quintill\u00e0<\/strong><\/span><\/h3>\n\n\t\t\n<style>\n#text-761841932 {\n  color: #ae8851;\n}\n#text-761841932 > * {\n  color: #ae8851;\n}\n<\/style>\n\t<\/div>\n\t\n\n\t\t<\/div>\n\t\t\t\t\t<\/div>\n\n\t\n\n\t<div id=\"col-447993057\" class=\"col medium-6 small-12 large-6\"  >\n\t\t\t\t<div class=\"col-inner text-center\" style=\"background-color:rgb(255,255,255);\" >\n\t\t\t\n\t\t\t\n\n\t<div class=\"img has-hover x md-x lg-x y md-y lg-y\" id=\"image_2119764145\">\n\t\t\t\t\t\t\t\t<div class=\"img-inner dark\" >\n\t\t\t<img loading=\"lazy\" decoding=\"async\" width=\"1\" height=\"1\" src=\"https:\/\/premis.fundacioantoniusmusa.com\/wp-content\/uploads\/2025\/08\/2.svg\" class=\"attachment-large size-large\" alt=\"\" \/>\t\t\t\t\t\t\n\t\t\t\t\t<\/div>\n\t\t\t\t\t\t\t\t\n<style>\n#image_2119764145 {\n  width: 79%;\n}\n<\/style>\n\t<\/div>\n\t\n\n\t<div id=\"text-2329926889\" class=\"text\">\n\t\t\n\n<p>Excelencia profesional en las comarcas<\/p>\n\t\t\n<style>\n#text-2329926889 {\n  color: rgb(0,0,0);\n}\n#text-2329926889 > * {\n  color: rgb(0,0,0);\n}\n<\/style>\n\t<\/div>\n\t\n<div class=\"is-divider divider clearfix\" style=\"max-width:584px;height:1px;background-color:#000000;\"><\/div>\n\n\t<div id=\"text-805057043\" class=\"text\">\n\t\t\n\n<h3><strong><span style=\"font-size: 110%;\">Tarragona \u2013 Dr. Tom\u00e1s Sempere Dur\u00e0<br>Reus \u2013 Dra. Rosa Sol\u00e0 Alberich<br>Tortosa \u2013 Dra. Teresa Compte Jov\u00e9<\/span><\/strong><\/h3>\n\n\t\t\n<style>\n#text-805057043 {\n  color: #ae8851;\n}\n#text-805057043 > * {\n  color: #ae8851;\n}\n<\/style>\n\t<\/div>\n\t\n\n\t\t<\/div>\n\t\t\t\t\t<\/div>\n\n\t\n\n\t<div id=\"col-648818885\" class=\"col medium-6 small-12 large-6\"  >\n\t\t\t\t<div class=\"col-inner text-center\" style=\"background-color:rgb(255,255,255);\" >\n\t\t\t\n\t\t\t\n\n\t<div class=\"img has-hover x md-x lg-x y md-y lg-y\" id=\"image_748455196\">\n\t\t\t\t\t\t\t\t<div class=\"img-inner dark\" >\n\t\t\t<img loading=\"lazy\" decoding=\"async\" width=\"1\" height=\"1\" src=\"https:\/\/premis.fundacioantoniusmusa.com\/wp-content\/uploads\/2025\/08\/3.svg\" class=\"attachment-large size-large\" alt=\"\" \/>\t\t\t\t\t\t\n\t\t\t\t\t<\/div>\n\t\t\t\t\t\t\t\t\n<style>\n#image_748455196 {\n  width: 75%;\n}\n<\/style>\n\t<\/div>\n\t\n\n\t<div id=\"text-2381841139\" class=\"text\">\n\t\t\n\n<p>Distinci\u00f3n prevista para personas que no pertenecen a profesiones del \u00e1mbito sanitario o relacionadas con este mundo, se hayan significado por una trayectoria profesional a favor de los intereses de la salud de la comunidad o hayan contribuido positivamente al desarrollo del Colegio Oficial de M\u00e9dicos de Tarragona<\/p>\n\n\t\t\n<style>\n#text-2381841139 {\n  color: rgb(0,0,0);\n}\n#text-2381841139 > * {\n  color: rgb(0,0,0);\n}\n<\/style>\n\t<\/div>\n\t\n<div class=\"is-divider divider clearfix\" style=\"max-width:584px;height:1px;background-color:#000000;\"><\/div>\n\n\t<div id=\"text-3438888991\" class=\"text\">\n\t\t\n\n<h3><span style=\"font-size: 110%;\"><strong>Mos\u00e9n Xavier Fort Subirats<br><\/strong><\/span><\/h3>\n\n\t\t\n<style>\n#text-3438888991 {\n  color: #ae8851;\n}\n#text-3438888991 > * {\n  color: #ae8851;\n}\n<\/style>\n\t<\/div>\n\t\n\n\t\t<\/div>\n\t\t\t\t\t<\/div>\n\n\t\n\n\t<div id=\"col-33642469\" class=\"col medium-6 small-12 large-6\"  >\n\t\t\t\t<div class=\"col-inner text-center\" style=\"background-color:rgb(255,255,255);\" >\n\t\t\t\n\t\t\t\n\n\t<div class=\"img has-hover x md-x lg-x y md-y lg-y\" id=\"image_845654114\">\n\t\t\t\t\t\t\t\t<div class=\"img-inner dark\" >\n\t\t\t<img loading=\"lazy\" decoding=\"async\" width=\"1\" height=\"1\" src=\"https:\/\/premis.fundacioantoniusmusa.com\/wp-content\/uploads\/2025\/08\/4.svg\" class=\"attachment-large size-large\" alt=\"\" \/>\t\t\t\t\t\t\n\t\t\t\t\t<\/div>\n\t\t\t\t\t\t\t\t\n<style>\n#image_845654114 {\n  width: 100%;\n}\n<\/style>\n\t<\/div>\n\t\n\n\t<div id=\"text-3516215179\" class=\"text\">\n\t\t\n\n<p>Alt\u00edsima distinci\u00f3n prevista para Organismos y Personas Jur\u00eddicas. La entidad o persona jur\u00eddica debe haber realizado contribuciones significativas en la promoci\u00f3n de la salud y el bienestar de la comunidad.\n<\/p>\n\t\t\n<style>\n#text-3516215179 {\n  color: rgb(0,0,0);\n}\n#text-3516215179 > * {\n  color: rgb(0,0,0);\n}\n<\/style>\n\t<\/div>\n\t\n<div class=\"is-divider divider clearfix\" style=\"max-width:584px;height:1px;background-color:#000000;\"><\/div>\n\n\t<div id=\"text-691523815\" class=\"text\">\n\t\t\n\n<h3><span style=\"font-size: 110%;\"><strong>Centro Diagn\u00f3stico por la Imagen Tarragona<br><\/strong><\/span><\/h3>\n\n\t\t\n<style>\n#text-691523815 {\n  color: #ae8851;\n}\n#text-691523815 > * {\n  color: #ae8851;\n}\n<\/style>\n\t<\/div>\n\t\n\n\t\t<\/div>\n\t\t\t\t\t<\/div>\n\n\t\n\n\t<div id=\"col-755130812\" class=\"col medium-6 small-12 large-6\"  >\n\t\t\t\t<div class=\"col-inner text-center\" style=\"background-color:rgb(255,255,255);\" >\n\t\t\t\n\t\t\t\n\n\t<div class=\"img has-hover x md-x lg-x y md-y lg-y\" id=\"image_1883122781\">\n\t\t\t\t\t\t\t\t<div class=\"img-inner dark\" >\n\t\t\t<img loading=\"lazy\" decoding=\"async\" width=\"1\" height=\"1\" src=\"https:\/\/premis.fundacioantoniusmusa.com\/wp-content\/uploads\/2025\/08\/5.svg\" class=\"attachment-large size-large\" alt=\"\" \/>\t\t\t\t\t\t\n\t\t\t\t\t<\/div>\n\t\t\t\t\t\t\t\t\n<style>\n#image_1883122781 {\n  width: 93%;\n}\n<\/style>\n\t<\/div>\n\t\n\n\t<div id=\"text-795834321\" class=\"text\">\n\t\t\n\n<p>Alt\u00edsima distinci\u00f3n prevista para equipos asistenciales multidisciplinarios. El equipo debe haber realizado contribuciones significativas en la promoci\u00f3n de la salud y el bienestar de la comunidad.<\/p>\n\t\t\n<style>\n#text-795834321 {\n  color: rgb(0,0,0);\n}\n#text-795834321 > * {\n  color: rgb(0,0,0);\n}\n<\/style>\n\t<\/div>\n\t\n<div class=\"is-divider divider clearfix\" style=\"max-width:584px;height:1px;background-color:#000000;\"><\/div>\n\n\t<div id=\"text-1211193126\" class=\"text\">\n\t\t\n\n<h3><span style=\"font-size: 110%;\"><strong>Unidad de ICTUS Hospital universitario Joan XXIII<br><\/strong><\/span><\/h3>\n\n\t\t\n<style>\n#text-1211193126 {\n  color: #ae8851;\n}\n#text-1211193126 > * {\n  color: #ae8851;\n}\n<\/style>\n\t<\/div>\n\t\n\n\t\t<\/div>\n\t\t\t\t\t<\/div>\n\n\t\n\n\n<style>\n#row-1807546921 > .col > .col-inner {\n  padding: 8% 8% 8% 8%;\n  background-color: rgb(20, 23, 32);\n  border-radius: 10px;\n}\n@media (min-width:850px) {\n  #row-1807546921 > .col > .col-inner {\n    padding: 12% 8% 10% 8%;\n  }\n}\n<\/style>\n<\/div>\n\n\t\t<\/div>\n\n\t\t\n<style>\n#section_1048919408 {\n  padding-top: 30px;\n  padding-bottom: 30px;\n  background-color: rgb(0,0,0);\n}\n<\/style>\n\t<\/section>\n\t\n\t<div id=\"gap-1031615835\" class=\"gap-element clearfix\" style=\"display:block; height:auto;\">\n\t\t\n<style>\n#gap-1031615835 {\n  padding-top: 74px;\n}\n<\/style>\n\t<\/div>\n\t\n\n\n","protected":false},"excerpt":{"rendered":"","protected":false},"author":1,"featured_media":0,"parent":0,"menu_order":0,"comment_status":"closed","ping_status":"closed","template":"page-blank.php","meta":{"footnotes":""},"class_list":["post-119","page","type-page","status-publish","hentry"],"_links":{"self":[{"href":"https:\/\/premis.fundacioantoniusmusa.com\/es\/wp-json\/wp\/v2\/pages\/119","targetHints":{"allow":["GET"]}}],"collection":[{"href":"https:\/\/premis.fundacioantoniusmusa.com\/es\/wp-json\/wp\/v2\/pages"}],"about":[{"href":"https:\/\/premis.fundacioantoniusmusa.com\/es\/wp-json\/wp\/v2\/types\/page"}],"author":[{"embeddable":true,"href":"https:\/\/premis.fundacioantoniusmusa.com\/es\/wp-json\/wp\/v2\/users\/1"}],"replies":[{"embeddable":true,"href":"https:\/\/premis.fundacioantoniusmusa.com\/es\/wp-json\/wp\/v2\/comments?post=119"}],"version-history":[{"count":2,"href":"https:\/\/premis.fundacioantoniusmusa.com\/es\/wp-json\/wp\/v2\/pages\/119\/revisions"}],"predecessor-version":[{"id":129,"href":"https:\/\/premis.fundacioantoniusmusa.com\/es\/wp-json\/wp\/v2\/pages\/119\/revisions\/129"}],"wp:attachment":[{"href":"https:\/\/premis.fundacioantoniusmusa.com\/es\/wp-json\/wp\/v2\/media?parent=119"}],"curies":[{"name":"wp","href":"https:\/\/api.w.org\/{rel}","templated":true}]}}