{"id":130,"date":"2025-08-29T10:42:37","date_gmt":"2025-08-29T08:42:37","guid":{"rendered":"https:\/\/premis.fundacioantoniusmusa.com\/premiados-2024\/"},"modified":"2025-09-01T12:35:21","modified_gmt":"2025-09-01T10:35:21","slug":"premiados-2024","status":"publish","type":"page","link":"https:\/\/premis.fundacioantoniusmusa.com\/es\/premiados-2024\/","title":{"rendered":"Premiados 2024"},"content":{"rendered":"\n\n\t<section class=\"section dark has-parallax\" id=\"section_990222284\">\n\t\t<div class=\"section-bg fill\" data-parallax-container=\".section\" data-parallax-background data-parallax=\"-4\">\n\t\t\t<img loading=\"lazy\" decoding=\"async\" width=\"1920\" height=\"1080\" src=\"https:\/\/premis.fundacioantoniusmusa.com\/wp-content\/uploads\/2025\/08\/fondo.webp\" class=\"bg attachment- size-\" alt=\"\" \/>\t\t\t\t\t\t\n\t\t\t\n\n\t\t<\/div>\n\n\t\t\n\n\t\t<div class=\"section-content relative\">\n\t\t\t\n\n<div class=\"row align-center\"  id=\"row-1776321208\">\n\n\n\t<div id=\"col-1009799831\" class=\"col medium-11 small-12 large-9\"  >\n\t\t\t\t<div class=\"col-inner text-center\"  >\n\t\t\t\n\t\t\t\n\n\t<div class=\"img has-hover x md-x lg-x y md-y lg-y\" id=\"image_772719028\">\n\t\t\t\t\t\t\t\t<div class=\"img-inner dark\" >\n\t\t\t<img loading=\"lazy\" decoding=\"async\" width=\"512\" height=\"512\" src=\"https:\/\/premis.fundacioantoniusmusa.com\/wp-content\/uploads\/2025\/08\/Fav.png\" class=\"attachment-large size-large\" alt=\"\" srcset=\"https:\/\/premis.fundacioantoniusmusa.com\/wp-content\/uploads\/2025\/08\/Fav.png 512w, https:\/\/premis.fundacioantoniusmusa.com\/wp-content\/uploads\/2025\/08\/Fav-300x300.png 300w, https:\/\/premis.fundacioantoniusmusa.com\/wp-content\/uploads\/2025\/08\/Fav-150x150.png 150w\" sizes=\"auto, (max-width: 512px) 100vw, 512px\" \/>\t\t\t\t\t\t\n\t\t\t\t\t<\/div>\n\t\t\t\t\t\t\t\t\n<style>\n#image_772719028 {\n  width: 17%;\n}\n<\/style>\n\t<\/div>\n\t\n\n\t<div id=\"text-2917255662\" class=\"text\">\n\t\t\n\n<h1><span style=\"color: #ffffff;\">Galardonados<\/span> Premios Antonius Musa <span style=\"color: #ffffff;\">2024<\/span><\/h1>\n\t\t\n<style>\n#text-2917255662 {\n  font-size: 2rem;\n  line-height: 1.05;\n  color: #ae8851;\n}\n#text-2917255662 > * {\n  color: #ae8851;\n}\n@media (min-width:550px) {\n  #text-2917255662 {\n    font-size: 2.2rem;\n  }\n}\n@media (min-width:850px) {\n  #text-2917255662 {\n    font-size: 2.7rem;\n  }\n}\n<\/style>\n\t<\/div>\n\t\n\t<div id=\"gap-759825576\" class=\"gap-element clearfix\" style=\"display:block; height:auto;\">\n\t\t\n<style>\n#gap-759825576 {\n  padding-top: 15px;\n}\n<\/style>\n\t<\/div>\n\t\n\n\n\t\t<\/div>\n\t\t\t\t\t<\/div>\n\n\t\n\n<\/div>\n\t<div id=\"gap-446637270\" class=\"gap-element clearfix\" style=\"display:block; height:auto;\">\n\t\t\n<style>\n#gap-446637270 {\n  padding-top: 120px;\n}\n<\/style>\n\t<\/div>\n\t\n\n\n\t\t<\/div>\n\n\t\t\n<style>\n#section_990222284 {\n  padding-top: 100px;\n  padding-bottom: 100px;\n  background-color: rgb(0,0,0);\n}\n@media (min-width:550px) {\n  #section_990222284 {\n    padding-top: 140px;\n    padding-bottom: 140px;\n  }\n}\n<\/style>\n\t<\/section>\n\t\n\n\t<section class=\"section\" id=\"section_604037063\">\n\t\t<div class=\"section-bg fill\" >\n\t\t\t\t\t\t\t\t\t\n\t\t\t\n\n\t\t<\/div>\n\n\t\t\n\n\t\t<div class=\"section-content relative\">\n\t\t\t\n\n<div class=\"row\"  id=\"row-495613999\">\n\n\n\t<div id=\"col-957885659\" class=\"col small-12 large-12\"  >\n\t\t\t\t<div class=\"col-inner\"  >\n\t\t\t\n\t\t\t\n\n\t<div id=\"gap-1579440685\" class=\"gap-element clearfix\" style=\"display:block; height:auto;\">\n\t\t\n<style>\n#gap-1579440685 {\n  padding-top: 10px;\n}\n@media (min-width:850px) {\n  #gap-1579440685 {\n    padding-top: 50px;\n  }\n}\n<\/style>\n\t<\/div>\n\t\n\n<div class=\"row\"  id=\"row-572538880\">\n\n\n\t<div id=\"col-1422031019\" class=\"col small-12 large-12\"  >\n\t\t\t\t<div class=\"col-inner\"  >\n\t\t\t\n\t\t\t\n\n<div class=\"video video-fit mb\" style=\"padding-top:56.25%;\"><iframe loading=\"lazy\" title=\"Anunci guanyadors dels Premis COMT Antonius Musa 2024\" width=\"1020\" height=\"574\" src=\"https:\/\/www.youtube.com\/embed\/K5OlJ9TGql0?feature=oembed\" frameborder=\"0\" allow=\"accelerometer; autoplay; clipboard-write; encrypted-media; gyroscope; picture-in-picture; web-share\" referrerpolicy=\"strict-origin-when-cross-origin\" allowfullscreen><\/iframe><\/div>\n\n\n\t\t<\/div>\n\t\t\t\t\n<style>\n#col-1422031019 > .col-inner {\n  padding: 28px 0px 0px 0px;\n}\n<\/style>\n\t<\/div>\n\n\t\n\n<\/div>\n\n\t\t<\/div>\n\t\t\t\t\n<style>\n#col-957885659 > .col-inner {\n  margin: -322px 0px 0px 0px;\n}\n<\/style>\n\t<\/div>\n\n\t\n\n<\/div>\n\n\t\t<\/div>\n\n\t\t\n<style>\n#section_604037063 {\n  padding-top: 30px;\n  padding-bottom: 30px;\n  background-color: rgb(0,0,0);\n}\n<\/style>\n\t<\/section>\n\t\n\n\t<section class=\"section\" id=\"section_164578492\">\n\t\t<div class=\"section-bg fill\" >\n\t\t\t\t\t\t\t\t\t\n\t\t\t\n\n\t\t<\/div>\n\n\t\t\n\n\t\t<div class=\"section-content relative\">\n\t\t\t\n\n<div class=\"row\"  id=\"row-533471885\">\n\n\n\t<div id=\"col-1114757360\" class=\"col medium-12 small-12 large-6\"  >\n\t\t\t\t<div class=\"col-inner dark\"  >\n\t\t\t\n\t\t\t\n\n\t<div id=\"text-3480136661\" class=\"text\">\n\t\t\n\n<h3>El acto de entrega de los Premios COMT Antonius Musa tuvo lugar el 13 de diciembre, a las 19:00 horas, en el Aula Magna de la Facultad de Letras de la Universidad Rovira i Virgili.<\/h3>\n\t\t\n<style>\n#text-3480136661 {\n  font-size: 1.75rem;\n  color: #ae8851;\n}\n#text-3480136661 > * {\n  color: #ae8851;\n}\n<\/style>\n\t<\/div>\n\t\n\n\t\t<\/div>\n\t\t\t\t\n<style>\n#col-1114757360 > .col-inner {\n  padding: 0px 0 0px 0px;\n  margin: 0px 0px -15px 0px;\n}\n@media (min-width:850px) {\n  #col-1114757360 > .col-inner {\n    padding: 0px 0% 0px 0px;\n    margin: 0px 0px 0 0px;\n  }\n}\n<\/style>\n\t<\/div>\n\n\t\n\n\t<div id=\"col-1933183091\" class=\"col medium-12 small-12 large-6\"  >\n\t\t\t\t<div class=\"col-inner\"  >\n\t\t\t\n\t\t\t\n\n\t<div id=\"gap-1497364494\" class=\"gap-element clearfix\" style=\"display:block; height:auto;\">\n\t\t\n<style>\n#gap-1497364494 {\n  padding-top: 5px;\n}\n<\/style>\n\t<\/div>\n\t\n\n<p><span style=\"font-size: 120%;\">Tras recibir un gran n\u00famero de candidaturas y con la aprobaci\u00f3n de la Junta de Gobierno, los galardonados han sido seleccionados con esmero y reconocimiento. Aqu\u00ed puede conocer a los profesionales, instituciones y equipos distinguidos.<\/span><\/p>\n<p data-start=\"1044\" data-end=\"1322\"><span style=\"font-size: 120%;\">Los Premios Antonius Musa, homenaje al prestigioso m\u00e9dico romano, reconocen los valores de compromiso, trayectoria e innovaci\u00f3n en el \u00e1mbito sanitario. Esta edici\u00f3n consolida el esp\u00edritu de excelencia del COMT y visibiliza la contribuci\u00f3n al bienestar colectivo.<\/span><\/p>\n\t<div id=\"gap-1269642209\" class=\"gap-element clearfix\" style=\"display:block; height:auto;\">\n\t\t\n<style>\n#gap-1269642209 {\n  padding-top: 10px;\n}\n<\/style>\n\t<\/div>\n\t\n\n\n\t\t<\/div>\n\t\t\t\t\t<\/div>\n\n\t\n\n<\/div>\n\t<div id=\"gap-1823893543\" class=\"gap-element clearfix\" style=\"display:block; height:auto;\">\n\t\t\n<style>\n#gap-1823893543 {\n  padding-top: 200px;\n}\n<\/style>\n\t<\/div>\n\t\n\n\n\t\t<\/div>\n\n\t\t\n<style>\n#section_164578492 {\n  padding-top: 10px;\n  padding-bottom: 10px;\n  background-color: rgb(0,0,0);\n}\n@media (min-width:850px) {\n  #section_164578492 {\n    padding-top: 50px;\n    padding-bottom: 50px;\n  }\n}\n<\/style>\n\t<\/section>\n\t\n\n\t<section class=\"section\" id=\"section_261262033\">\n\t\t<div class=\"section-bg fill\" >\n\t\t\t\t\t\t\t\t\t\n\t\t\t\n\n\t\t<\/div>\n\n\t\t\n\n\t\t<div class=\"section-content relative\">\n\t\t\t\n\n<div class=\"row\"  id=\"row-589185867\">\n\n\n\t<div id=\"col-1919881475\" class=\"col small-12 large-12\"  >\n\t\t\t\t<div class=\"col-inner\"  >\n\t\t\t\n\t\t\t\n\n\n  <div class=\"banner has-hover round-corners\" id=\"banner-909415353\">\n          <div class=\"banner-inner fill\">\n        <div class=\"banner-bg fill\" >\n            <img loading=\"lazy\" decoding=\"async\" width=\"2048\" height=\"1365\" src=\"https:\/\/premis.fundacioantoniusmusa.com\/wp-content\/uploads\/2025\/08\/premis-2024.webp\" class=\"bg attachment-original size-original\" alt=\"\" \/>                                    \n                    <\/div>\n\t\t\n        <div class=\"banner-layers container\">\n            <div class=\"fill banner-link\"><\/div>            \n\n   <div id=\"text-box-1349723022\" class=\"text-box banner-layer x50 md-x50 lg-x50 y50 md-y50 lg-y50 res-text\">\n                                <div class=\"text-box-content text dark\">\n              \n              <div class=\"text-inner text-center\">\n                  \n\n\n              <\/div>\n           <\/div>\n                            \n<style>\n#text-box-1349723022 {\n  width: 60%;\n}\n#text-box-1349723022 .text-box-content {\n  font-size: 100%;\n}\n@media (min-width:550px) {\n  #text-box-1349723022 {\n    width: 60%;\n  }\n}\n<\/style>\n    <\/div>\n \n\n        <\/div>\n      <\/div>\n\n            \n<style>\n#banner-909415353 {\n  padding-top: 225px;\n  background-color: rgba(255, 255, 255, 0);\n}\n#banner-909415353 .banner-bg img {\n  object-position: 57% 45%;\n}\n@media (min-width:550px) {\n  #banner-909415353 {\n    padding-top: 450px;\n  }\n}\n<\/style>\n  <\/div>\n\n\n\n\t\t<\/div>\n\t\t\t\t\n<style>\n#col-1919881475 > .col-inner {\n  margin: -200px 0px 0px 0px;\n}\n<\/style>\n\t<\/div>\n\n\t\n\n<\/div>\n\t<div id=\"gap-1564016997\" class=\"gap-element clearfix\" style=\"display:block; height:auto;\">\n\t\t\n<style>\n#gap-1564016997 {\n  padding-top: 40px;\n}\n@media (min-width:550px) {\n  #gap-1564016997 {\n    padding-top: 60px;\n  }\n}\n@media (min-width:850px) {\n  #gap-1564016997 {\n    padding-top: 90px;\n  }\n}\n<\/style>\n\t<\/div>\n\t\n\n<div class=\"row align-center\"  id=\"row-486473421\">\n\n\n\t<div id=\"col-2082270900\" class=\"col medium-9 small-12 large-6\"  >\n\t\t\t\t<div class=\"col-inner text-center dark\"  >\n\t\t\t\n\t\t\t\n\n\t<div id=\"text-243959302\" class=\"text\">\n\t\t\n\n<h2>Galardonados <span style=\"color: #ffffff;\">2024<\/span><\/h2>\n\t\t\n<style>\n#text-243959302 {\n  font-size: 1.5rem;\n  color: rgb(174, 136, 81);\n}\n#text-243959302 > * {\n  color: rgb(174, 136, 81);\n}\n@media (min-width:850px) {\n  #text-243959302 {\n    font-size: 1.75rem;\n  }\n}\n<\/style>\n\t<\/div>\n\t\n\n\t\t<\/div>\n\t\t\t\t\t<\/div>\n\n\t\n\n<\/div>\n<div class=\"row align-equal align-center\"  id=\"row-2016244819\">\n\n\n\t<div id=\"col-440692544\" class=\"col medium-6 small-12 large-6\"  >\n\t\t\t\t<div class=\"col-inner text-center\" style=\"background-color:rgb(255,255,255);\" >\n\t\t\t\n\t\t\t\n\n\t<div class=\"img has-hover x md-x lg-x y md-y lg-y\" id=\"image_2020256913\">\n\t\t\t\t\t\t\t\t<div class=\"img-inner dark\" >\n\t\t\t<img loading=\"lazy\" decoding=\"async\" width=\"1\" height=\"1\" src=\"https:\/\/premis.fundacioantoniusmusa.com\/wp-content\/uploads\/2025\/08\/1.svg\" class=\"attachment-large size-large\" alt=\"\" \/>\t\t\t\t\t\t\n\t\t\t\t\t<\/div>\n\t\t\t\t\t\t\t\t\n<style>\n#image_2020256913 {\n  width: 80%;\n}\n<\/style>\n\t<\/div>\n\t\n\n\t<div id=\"text-1696968909\" class=\"text\">\n\t\t\n\n<p>M\u00e1xima distinci\u00f3n para m\u00e9dicos colegiados<\/p>\n\t\t\n<style>\n#text-1696968909 {\n  color: rgb(0,0,0);\n}\n#text-1696968909 > * {\n  color: rgb(0,0,0);\n}\n<\/style>\n\t<\/div>\n\t\n<div class=\"is-divider divider clearfix\" style=\"max-width:584px;height:1px;background-color:#000000;\"><\/div>\n\n\t<div id=\"text-3827760302\" class=\"text\">\n\t\t\n\n<h3><span style=\"font-size: 110%;\"><strong>Dr. Alfredo Bardaj\u00ed Ruiz<\/strong><\/span><\/h3>\n\t\t\n<style>\n#text-3827760302 {\n  color: #ae8851;\n}\n#text-3827760302 > * {\n  color: #ae8851;\n}\n<\/style>\n\t<\/div>\n\t\n\n\t\t<\/div>\n\t\t\t\t\t<\/div>\n\n\t\n\n\t<div id=\"col-930952673\" class=\"col medium-6 small-12 large-6\"  >\n\t\t\t\t<div class=\"col-inner text-center\" style=\"background-color:rgb(255,255,255);\" >\n\t\t\t\n\t\t\t\n\n\t<div class=\"img has-hover x md-x lg-x y md-y lg-y\" id=\"image_638161724\">\n\t\t\t\t\t\t\t\t<div class=\"img-inner dark\" >\n\t\t\t<img loading=\"lazy\" decoding=\"async\" width=\"1\" height=\"1\" src=\"https:\/\/premis.fundacioantoniusmusa.com\/wp-content\/uploads\/2025\/08\/2.svg\" class=\"attachment-large size-large\" alt=\"\" \/>\t\t\t\t\t\t\n\t\t\t\t\t<\/div>\n\t\t\t\t\t\t\t\t\n<style>\n#image_638161724 {\n  width: 79%;\n}\n<\/style>\n\t<\/div>\n\t\n\n\t<div id=\"text-1547859060\" class=\"text\">\n\t\t\n\n<p>Excelencia profesional en las comarcas<\/p>\n\t\t\n<style>\n#text-1547859060 {\n  color: rgb(0,0,0);\n}\n#text-1547859060 > * {\n  color: rgb(0,0,0);\n}\n<\/style>\n\t<\/div>\n\t\n<div class=\"is-divider divider clearfix\" style=\"max-width:584px;height:1px;background-color:#000000;\"><\/div>\n\n\t<div id=\"text-354654019\" class=\"text\">\n\t\t\n\n<h3><strong><span style=\"font-size: 110%;\">Tarragona \u2013 Dr. Francesc Marsal Cavall\u00e9<\/span><\/strong><\/h3>\n<h3><strong><span style=\"font-size: 110%;\">Reus \u2013 Dr. Pere Romero Aroca<\/span><\/strong><\/h3>\n<h3><strong><span style=\"font-size: 110%;\">Tortosa \u2013 Dr. Josep Gin\u00e9 Gala<\/span><\/strong><\/h3>\n\t\t\n<style>\n#text-354654019 {\n  color: #ae8851;\n}\n#text-354654019 > * {\n  color: #ae8851;\n}\n<\/style>\n\t<\/div>\n\t\n\n\t\t<\/div>\n\t\t\t\t\t<\/div>\n\n\t\n\n\t<div id=\"col-757590236\" class=\"col medium-6 small-12 large-6\"  >\n\t\t\t\t<div class=\"col-inner text-center\" style=\"background-color:rgb(255,255,255);\" >\n\t\t\t\n\t\t\t\n\n\t<div class=\"img has-hover x md-x lg-x y md-y lg-y\" id=\"image_1955331492\">\n\t\t\t\t\t\t\t\t<div class=\"img-inner dark\" >\n\t\t\t<img loading=\"lazy\" decoding=\"async\" width=\"1\" height=\"1\" src=\"https:\/\/premis.fundacioantoniusmusa.com\/wp-content\/uploads\/2025\/08\/4.svg\" class=\"attachment-large size-large\" alt=\"\" \/>\t\t\t\t\t\t\n\t\t\t\t\t<\/div>\n\t\t\t\t\t\t\t\t\n<style>\n#image_1955331492 {\n  width: 100%;\n}\n<\/style>\n\t<\/div>\n\t\n\n\t<div id=\"text-3195862045\" class=\"text\">\n\t\t\n\n<p>Alt\u00edsima distinci\u00f3n prevista para Organismos y Personas Jur\u00eddicas. La entidad o persona jur\u00eddica debe haber realizado contribuciones significativas en la promoci\u00f3n de la salud y el bienestar de la comunidad.\n<\/p>\n\t\t\n<style>\n#text-3195862045 {\n  color: rgb(0,0,0);\n}\n#text-3195862045 > * {\n  color: rgb(0,0,0);\n}\n<\/style>\n\t<\/div>\n\t\n<div class=\"is-divider divider clearfix\" style=\"max-width:584px;height:1px;background-color:#000000;\"><\/div>\n\n\t<div id=\"text-186312149\" class=\"text\">\n\t\t\n\n<h3><span style=\"font-size: 110%;\"><strong>ASIA, Delegaci\u00f3n de Tarragona<br><\/strong><\/span><\/h3>\n\t\t\n<style>\n#text-186312149 {\n  color: #ae8851;\n}\n#text-186312149 > * {\n  color: #ae8851;\n}\n<\/style>\n\t<\/div>\n\t\n\n\t\t<\/div>\n\t\t\t\t\t<\/div>\n\n\t\n\n\t<div id=\"col-1557413812\" class=\"col medium-6 small-12 large-6\"  >\n\t\t\t\t<div class=\"col-inner text-center\" style=\"background-color:rgb(255,255,255);\" >\n\t\t\t\n\t\t\t\n\n\t<div class=\"img has-hover x md-x lg-x y md-y lg-y\" id=\"image_576591083\">\n\t\t\t\t\t\t\t\t<div class=\"img-inner dark\" >\n\t\t\t<img loading=\"lazy\" decoding=\"async\" width=\"1\" height=\"1\" src=\"https:\/\/premis.fundacioantoniusmusa.com\/wp-content\/uploads\/2025\/08\/5.svg\" class=\"attachment-large size-large\" alt=\"\" \/>\t\t\t\t\t\t\n\t\t\t\t\t<\/div>\n\t\t\t\t\t\t\t\t\n<style>\n#image_576591083 {\n  width: 93%;\n}\n<\/style>\n\t<\/div>\n\t\n\n\t<div id=\"text-3167870181\" class=\"text\">\n\t\t\n\n<p>Alt\u00edsima distinci\u00f3n prevista para equipos asistenciales multidisciplinarios. El equipo debe haber realizado contribuciones significativas en la promoci\u00f3n de la salud y el bienestar de la comunidad.<\/p>\n\t\t\n<style>\n#text-3167870181 {\n  color: rgb(0,0,0);\n}\n#text-3167870181 > * {\n  color: rgb(0,0,0);\n}\n<\/style>\n\t<\/div>\n\t\n<div class=\"is-divider divider clearfix\" style=\"max-width:584px;height:1px;background-color:#000000;\"><\/div>\n\n\t<div id=\"text-1214603056\" class=\"text\">\n\t\t\n\n<h3><span style=\"font-size: 110%;\"><strong>Unidad de Hospitalizaci\u00f3n Domiciliaria, Hospital Joan XXIII de Tarragona<br><\/strong><\/span><\/h3>\n\t\t\n<style>\n#text-1214603056 {\n  color: #ae8851;\n}\n#text-1214603056 > * {\n  color: #ae8851;\n}\n<\/style>\n\t<\/div>\n\t\n\n\t\t<\/div>\n\t\t\t\t\t<\/div>\n\n\t\n\n\n<style>\n#row-2016244819 > .col > .col-inner {\n  padding: 8% 8% 8% 8%;\n  background-color: rgb(20, 23, 32);\n  border-radius: 10px;\n}\n@media (min-width:850px) {\n  #row-2016244819 > .col > .col-inner {\n    padding: 12% 8% 10% 8%;\n  }\n}\n<\/style>\n<\/div>\n\n\t\t<\/div>\n\n\t\t\n<style>\n#section_261262033 {\n  padding-top: 30px;\n  padding-bottom: 30px;\n  background-color: rgb(0,0,0);\n}\n<\/style>\n\t<\/section>\n\t\n\t<div id=\"gap-1575544338\" class=\"gap-element clearfix\" style=\"display:block; height:auto;\">\n\t\t\n<style>\n#gap-1575544338 {\n  padding-top: 74px;\n}\n<\/style>\n\t<\/div>\n\t\n\n\n","protected":false},"excerpt":{"rendered":"","protected":false},"author":1,"featured_media":0,"parent":0,"menu_order":0,"comment_status":"closed","ping_status":"closed","template":"page-blank.php","meta":{"footnotes":""},"class_list":["post-130","page","type-page","status-publish","hentry"],"_links":{"self":[{"href":"https:\/\/premis.fundacioantoniusmusa.com\/es\/wp-json\/wp\/v2\/pages\/130","targetHints":{"allow":["GET"]}}],"collection":[{"href":"https:\/\/premis.fundacioantoniusmusa.com\/es\/wp-json\/wp\/v2\/pages"}],"about":[{"href":"https:\/\/premis.fundacioantoniusmusa.com\/es\/wp-json\/wp\/v2\/types\/page"}],"author":[{"embeddable":true,"href":"https:\/\/premis.fundacioantoniusmusa.com\/es\/wp-json\/wp\/v2\/users\/1"}],"replies":[{"embeddable":true,"href":"https:\/\/premis.fundacioantoniusmusa.com\/es\/wp-json\/wp\/v2\/comments?post=130"}],"version-history":[{"count":2,"href":"https:\/\/premis.fundacioantoniusmusa.com\/es\/wp-json\/wp\/v2\/pages\/130\/revisions"}],"predecessor-version":[{"id":133,"href":"https:\/\/premis.fundacioantoniusmusa.com\/es\/wp-json\/wp\/v2\/pages\/130\/revisions\/133"}],"wp:attachment":[{"href":"https:\/\/premis.fundacioantoniusmusa.com\/es\/wp-json\/wp\/v2\/media?parent=130"}],"curies":[{"name":"wp","href":"https:\/\/api.w.org\/{rel}","templated":true}]}}